{"id":2283,"date":"2013-03-14T17:35:56","date_gmt":"2013-03-14T16:35:56","guid":{"rendered":"http:\/\/www.alfaforma.it\/sveuro\/?page_id=2283"},"modified":"2013-03-14T17:35:56","modified_gmt":"2013-03-14T16:35:56","slug":"formazione-a-catalogo","status":"publish","type":"page","link":"https:\/\/lab.alfaforma.it\/index.php\/soluzioni\/formazione-a-catalogo\/","title":{"rendered":"Formazione a catalogo"},"content":{"rendered":"\n<p>La formazione a catalogo&nbsp;\u00e8 la risposta ideale alle esigenze di formazione individuali e aziendali; consente &nbsp;di sviluppare competenze e &nbsp;acquisire elevate capacit\u00e0 professionali.<\/p>\n\n\n\n<p><strong>Alfa Forma<\/strong> offre percorsi formativi in diverse aree professionali:<\/p>\n\n\n\n<ul class=\"wp-block-list\"><li><span style=\"color: #c65d0b;\"><i style=\"font-size: 13px; line-height: 19px;\">sicurezza sul lavoro<\/i><\/span><\/li><li><span style=\"color: #c65d0b;\"><i style=\"font-size: 13px; line-height: 19px;\">informatica<\/i><\/span><\/li><li><span style=\"color: #c65d0b;\"><i style=\"font-size: 13px; line-height: 19px;\">sanitaria<\/i><\/span><\/li><li><span style=\"color: #c65d0b;\"><i style=\"font-size: 13px; line-height: 19px;\">linguistica<\/i><\/span><\/li><li><span style=\"color: #c65d0b;\"><i style=\"font-size: 13px; line-height: 19px;\">commerciale<\/i><\/span><\/li><li><span style=\"color: #c65d0b;\"><i style=\"font-size: 13px; line-height: 19px;\">ecologia e ambiente<\/i><\/span><\/li><li><span style=\"color: #c65d0b;\"><i style=\"font-size: 13px; line-height: 19px;\">socio-educativa<\/i><\/span><\/li><li><span style=\"color: #c65d0b;\"><i style=\"font-size: 13px; line-height: 19px;\">estetica<\/i><\/span><\/li><li><span style=\"color: #c65d0b;\"><i style=\"font-size: 13px; line-height: 19px;\">ordine pubblico<\/i><\/span><\/li><li><span style=\"color: #c65d0b;\"><i style=\"font-size: 13px; line-height: 19px;\">pubblicit\u00e0<\/i><\/span><\/li><\/ul>\n\n\n\n<p><span style=\"color: #c65d0b;\"><a href=\"http:\/\/www.alfaforma.it\/alfa\/contatti\/\"><span style=\"text-decoration: underline; color: #c65d0b;\">Vieni a scoprire tutti i corsi <strong>Alfa Forma<\/strong><\/span><\/a>!<\/span><\/p>\n\n\n\n<p>Un nostro consulente \u00e8 a disposizione per ogni informazione e ti aiuter\u00e0 a scegliere il corso pi\u00f9 adatto a soddisfare le tue esigenze.<\/p>\n","protected":false},"excerpt":{"rendered":"<p>La formazione a catalogo&nbsp;\u00e8 la risposta ideale alle esigenze di formazione individuali e aziendali; consente &nbsp;di sviluppare competenze e &nbsp;acquisire elevate capacit\u00e0 professionali. Alfa Forma offre percorsi formativi in diverse aree professionali: sicurezza sul lavoro informatica sanitaria linguistica commerciale ecologia e ambiente socio-educativa estetica ordine pubblico pubblicit\u00e0 Vieni a scoprire tutti i corsi Alfa Forma! [&hellip;]<\/p>\n","protected":false},"author":1,"featured_media":0,"parent":2278,"menu_order":0,"comment_status":"open","ping_status":"closed","template":"","meta":{"footnotes":""},"class_list":["post-2283","page","type-page","status-publish","hentry"],"_links":{"self":[{"href":"https:\/\/lab.alfaforma.it\/index.php\/wp-json\/wp\/v2\/pages\/2283","targetHints":{"allow":["GET"]}}],"collection":[{"href":"https:\/\/lab.alfaforma.it\/index.php\/wp-json\/wp\/v2\/pages"}],"about":[{"href":"https:\/\/lab.alfaforma.it\/index.php\/wp-json\/wp\/v2\/types\/page"}],"author":[{"embeddable":true,"href":"https:\/\/lab.alfaforma.it\/index.php\/wp-json\/wp\/v2\/users\/1"}],"replies":[{"embeddable":true,"href":"https:\/\/lab.alfaforma.it\/index.php\/wp-json\/wp\/v2\/comments?post=2283"}],"version-history":[{"count":0,"href":"https:\/\/lab.alfaforma.it\/index.php\/wp-json\/wp\/v2\/pages\/2283\/revisions"}],"up":[{"embeddable":true,"href":"https:\/\/lab.alfaforma.it\/index.php\/wp-json\/wp\/v2\/pages\/2278"}],"wp:attachment":[{"href":"https:\/\/lab.alfaforma.it\/index.php\/wp-json\/wp\/v2\/media?parent=2283"}],"curies":[{"name":"wp","href":"https:\/\/api.w.org\/{rel}","templated":true}]}}