{"id":2304,"date":"2013-03-14T17:44:29","date_gmt":"2013-03-14T16:44:29","guid":{"rendered":"http:\/\/www.alfaforma.it\/sveuro\/?page_id=2304"},"modified":"2013-03-14T17:44:29","modified_gmt":"2013-03-14T16:44:29","slug":"formazione-blended","status":"publish","type":"page","link":"https:\/\/lab.alfaforma.it\/index.php\/soluzioni\/formazione-blended\/","title":{"rendered":"Formazione blended"},"content":{"rendered":"\n<p>I nostri percorsi formativi <strong>blended <\/strong>sono il risultato di una lunga esperienza maturata nel campo della formazione&nbsp;in aula, e delle competenze acquisite nel campo delle tecnologie in e-learning.<\/p>\n\n\n\n<p>Tali conoscenze ci hanno consentito di integrare, in un unico percorso formativo, due metodologie diverse tra&nbsp;loro, cogliendone i rispettivi vantaggi. La formazione <strong>blended<\/strong> nasce dall\u2019incontro tra la tradizionale&nbsp;formazione in aula e l\u2019e-learning.<\/p>\n\n\n\n<p>I nostri corsi in modalit\u00e0 <strong>blended<\/strong> sono progettati puntando su un alto livello di interattivit\u00e0: le videolezioni&nbsp;consentono al discente di mettersi alla prova in tempo reale applicando praticamente le procedure ed i concetti&nbsp;appena appresi mediante lo svolgimento di test multimediali ed interattivi.<\/p>\n\n\n\n<p>L\u2019esiguo numero di appuntamenti in aula e la possibilit\u00e0 di accedere alla formazione quando e da dove si vuole,&nbsp;rappresentano i plus pi\u00f9 apprezzati dai sempre pi\u00f9 numerosi clienti con poco tempo libero a disposizione.<\/p>\n","protected":false},"excerpt":{"rendered":"<p>I nostri percorsi formativi blended sono il risultato di una lunga esperienza maturata nel campo della formazione&nbsp;in aula, e delle competenze acquisite nel campo delle tecnologie in e-learning. Tali conoscenze ci hanno consentito di integrare, in un unico percorso formativo, due metodologie diverse tra&nbsp;loro, cogliendone i rispettivi vantaggi. La formazione blended nasce dall\u2019incontro tra la [&hellip;]<\/p>\n","protected":false},"author":1,"featured_media":0,"parent":2278,"menu_order":0,"comment_status":"open","ping_status":"closed","template":"","meta":{"footnotes":""},"class_list":["post-2304","page","type-page","status-publish","hentry"],"_links":{"self":[{"href":"https:\/\/lab.alfaforma.it\/index.php\/wp-json\/wp\/v2\/pages\/2304","targetHints":{"allow":["GET"]}}],"collection":[{"href":"https:\/\/lab.alfaforma.it\/index.php\/wp-json\/wp\/v2\/pages"}],"about":[{"href":"https:\/\/lab.alfaforma.it\/index.php\/wp-json\/wp\/v2\/types\/page"}],"author":[{"embeddable":true,"href":"https:\/\/lab.alfaforma.it\/index.php\/wp-json\/wp\/v2\/users\/1"}],"replies":[{"embeddable":true,"href":"https:\/\/lab.alfaforma.it\/index.php\/wp-json\/wp\/v2\/comments?post=2304"}],"version-history":[{"count":0,"href":"https:\/\/lab.alfaforma.it\/index.php\/wp-json\/wp\/v2\/pages\/2304\/revisions"}],"up":[{"embeddable":true,"href":"https:\/\/lab.alfaforma.it\/index.php\/wp-json\/wp\/v2\/pages\/2278"}],"wp:attachment":[{"href":"https:\/\/lab.alfaforma.it\/index.php\/wp-json\/wp\/v2\/media?parent=2304"}],"curies":[{"name":"wp","href":"https:\/\/api.w.org\/{rel}","templated":true}]}}