{"id":2307,"date":"2013-03-14T17:46:54","date_gmt":"2013-03-14T16:46:54","guid":{"rendered":"http:\/\/www.alfaforma.it\/sveuro\/?page_id=2307"},"modified":"2013-03-14T17:46:54","modified_gmt":"2013-03-14T16:46:54","slug":"formazione-e-learning","status":"publish","type":"page","link":"https:\/\/lab.alfaforma.it\/index.php\/soluzioni\/formazione-e-learning\/","title":{"rendered":"Formazione e-Learning"},"content":{"rendered":"\n<p><strong>Alfa Forma,<\/strong> accreditata per erogare formazione a distanza<i><\/i><b><i>, <\/i><\/b>offre l\u2019opportunit\u00e0 di seguire corsi on-line validi in&nbsp;tutto il territorio nazionale.<\/p>\n\n\n\n<p><b><i>L\u2019e-learning<\/i><\/b><i> <\/i>\u00e8 una metodologia d\u2019insegnamento che permette di trasferire le conoscenze attraverso la rete&nbsp;Internet: un modo nuovo per rispondere alle esigenza di aziende,&nbsp; lavoratori e\/o chiunque voglia frequentare un&nbsp;corso di formazione per&nbsp; il raggiungimento di obiettivi professionali e personali, senza pi\u00f9 vincoli spazio-temporali&nbsp;e con una fruibilit\u00e0 molto pi\u00f9 ampia e ripetibile.<\/p>\n\n\n\n<p><strong>Alfa Forma<\/strong> mette a disposizione una biblioteca di moduli e-Learning pratici, interattivi, customizzabili;&nbsp;un\u2019offerta di servizi ad elevato valore aggiunto; supporto agli utilizzatori; consulenza e affiancamento.<\/p>\n","protected":false},"excerpt":{"rendered":"<p>Alfa Forma, accreditata per erogare formazione a distanza, offre l\u2019opportunit\u00e0 di seguire corsi on-line validi in&nbsp;tutto il territorio nazionale. L\u2019e-learning \u00e8 una metodologia d\u2019insegnamento che permette di trasferire le conoscenze attraverso la rete&nbsp;Internet: un modo nuovo per rispondere alle esigenza di aziende,&nbsp; lavoratori e\/o chiunque voglia frequentare un&nbsp;corso di formazione per&nbsp; il raggiungimento di obiettivi [&hellip;]<\/p>\n","protected":false},"author":1,"featured_media":0,"parent":2278,"menu_order":0,"comment_status":"open","ping_status":"closed","template":"","meta":{"footnotes":""},"class_list":["post-2307","page","type-page","status-publish","hentry"],"_links":{"self":[{"href":"https:\/\/lab.alfaforma.it\/index.php\/wp-json\/wp\/v2\/pages\/2307","targetHints":{"allow":["GET"]}}],"collection":[{"href":"https:\/\/lab.alfaforma.it\/index.php\/wp-json\/wp\/v2\/pages"}],"about":[{"href":"https:\/\/lab.alfaforma.it\/index.php\/wp-json\/wp\/v2\/types\/page"}],"author":[{"embeddable":true,"href":"https:\/\/lab.alfaforma.it\/index.php\/wp-json\/wp\/v2\/users\/1"}],"replies":[{"embeddable":true,"href":"https:\/\/lab.alfaforma.it\/index.php\/wp-json\/wp\/v2\/comments?post=2307"}],"version-history":[{"count":0,"href":"https:\/\/lab.alfaforma.it\/index.php\/wp-json\/wp\/v2\/pages\/2307\/revisions"}],"up":[{"embeddable":true,"href":"https:\/\/lab.alfaforma.it\/index.php\/wp-json\/wp\/v2\/pages\/2278"}],"wp:attachment":[{"href":"https:\/\/lab.alfaforma.it\/index.php\/wp-json\/wp\/v2\/media?parent=2307"}],"curies":[{"name":"wp","href":"https:\/\/api.w.org\/{rel}","templated":true}]}}