{"id":2360,"date":"2013-03-18T14:57:52","date_gmt":"2013-03-18T14:57:52","guid":{"rendered":"http:\/\/www.alfaforma.it\/sveuro\/?page_id=2360"},"modified":"2022-10-27T18:06:05","modified_gmt":"2022-10-27T18:06:05","slug":"mission-2","status":"publish","type":"page","link":"https:\/\/lab.alfaforma.it\/index.php\/chi-siamo-2\/mission-2\/","title":{"rendered":"Mission"},"content":{"rendered":"<div class=\"wp-block-image\">\n<figure class=\"alignleft\"><img decoding=\"async\" src=\"https:\/\/lab.alfaforma.it\/wp-content\/uploads\/2012\/07\/missione_250.png\" alt=\"missione_250\" class=\"wp-image-445\"\/><\/figure>\n<\/div>\n\n\n<p>L&#8217;Istituto <strong>Alfa Forma<\/strong>, ente accreditato per la formazione professionale, costituisce polo di eccellenza nello sviluppo dell&#8217;apprendimento sia individuale che collettivo; \u00e8 punto di riferimento sul territorio per lo sviluppo delle risorse umane, ponendo molta attenzione sui valori e fondando la propria attivit\u00e0 sulla ricerca, sull&#8217;innovazione e sulla qualit\u00e0.<\/p>\n\n\n\n<p>Obiettivo principale di <strong>Alfa Forma <\/strong>\u00e8 quello di promuovere e istituire scuole di formazione, specializzazione e perfezionamento per studenti, operatori e lavoratori, da immettere o gi\u00e0 immessi, nelle attivit\u00e0 produttive operanti nei diversi settori:<\/p>\n\n\n\n<p class=\"has-text-align-left\"><em><strong><span style=\"color: #c65d0b;\"><span style=\"font-size: 13px; line-height: 19px; text-align: center;\">agricoltura, &nbsp;<\/span><span style=\"text-align: center; font-size: 13px; line-height: 19px;\">artigianato, &nbsp;<\/span><span style=\"text-align: center; font-size: 13px; line-height: 19px;\">sanit\u00e0, &nbsp;<\/span><span style=\"text-align: center; font-size: 13px; line-height: 19px;\">industria, &nbsp;<\/span><span style=\"text-align: center; font-size: 13px; line-height: 19px;\">credito, &nbsp;<\/span><span style=\"text-align: center; font-size: 13px; line-height: 19px;\">finanza,&nbsp;<\/span><\/span><\/strong><span style=\"font-size: 13px; line-height: 19px;\"><strong><span style=\"color: #c65d0b;\">assicurazioni e terziario<\/span><\/strong><span style=\"color: #c65d0b;\">.<\/span><\/span><\/em><\/p>\n","protected":false},"excerpt":{"rendered":"<p>L&#8217;Istituto Alfa Forma, ente accreditato per la formazione professionale, costituisce polo di eccellenza nello sviluppo dell&#8217;apprendimento sia individuale che collettivo; \u00e8 punto di riferimento sul territorio per lo sviluppo delle risorse umane, ponendo molta attenzione sui valori e fondando la propria attivit\u00e0 sulla ricerca, sull&#8217;innovazione e sulla qualit\u00e0. Obiettivo principale di Alfa Forma \u00e8 quello [&hellip;]<\/p>\n","protected":false},"author":1,"featured_media":0,"parent":8001,"menu_order":0,"comment_status":"closed","ping_status":"closed","template":"templates\/template_page-full-width.php","meta":{"footnotes":""},"class_list":["post-2360","page","type-page","status-publish","hentry"],"_links":{"self":[{"href":"https:\/\/lab.alfaforma.it\/index.php\/wp-json\/wp\/v2\/pages\/2360","targetHints":{"allow":["GET"]}}],"collection":[{"href":"https:\/\/lab.alfaforma.it\/index.php\/wp-json\/wp\/v2\/pages"}],"about":[{"href":"https:\/\/lab.alfaforma.it\/index.php\/wp-json\/wp\/v2\/types\/page"}],"author":[{"embeddable":true,"href":"https:\/\/lab.alfaforma.it\/index.php\/wp-json\/wp\/v2\/users\/1"}],"replies":[{"embeddable":true,"href":"https:\/\/lab.alfaforma.it\/index.php\/wp-json\/wp\/v2\/comments?post=2360"}],"version-history":[{"count":1,"href":"https:\/\/lab.alfaforma.it\/index.php\/wp-json\/wp\/v2\/pages\/2360\/revisions"}],"predecessor-version":[{"id":8109,"href":"https:\/\/lab.alfaforma.it\/index.php\/wp-json\/wp\/v2\/pages\/2360\/revisions\/8109"}],"up":[{"embeddable":true,"href":"https:\/\/lab.alfaforma.it\/index.php\/wp-json\/wp\/v2\/pages\/8001"}],"wp:attachment":[{"href":"https:\/\/lab.alfaforma.it\/index.php\/wp-json\/wp\/v2\/media?parent=2360"}],"curies":[{"name":"wp","href":"https:\/\/api.w.org\/{rel}","templated":true}]}}