{"id":2392,"date":"2013-03-18T17:27:52","date_gmt":"2013-03-18T16:27:52","guid":{"rendered":"http:\/\/www.alfaforma.it\/sveuro\/?page_id=2392"},"modified":"2013-03-18T17:27:52","modified_gmt":"2013-03-18T16:27:52","slug":"formazione-finanziata","status":"publish","type":"page","link":"https:\/\/lab.alfaforma.it\/index.php\/soluzioni\/formazione-finanziata\/","title":{"rendered":"Formazione Finanziata"},"content":{"rendered":"\n<p><strong>Alfa Forma<\/strong> mette a disposizione di aziende, professionisti ed enti pubblici, personale qualificato in grado di\u00a0fornire consulenza gratuita per il finanziamento della formazione.<br \/>I finanziamenti per la formazione possono essere reperiti tramite<\/p>\n\n\n\n<ul class=\"wp-block-list\"><li>Fondi interprofessionali<\/li><li>Fondi strutturali (provinciali, regionali, Fondo Sociale Europeo, etc.)<\/li><\/ul>\n\n\n\n<p><strong>Fondi interprofessionali<\/strong><\/p>\n\n\n\n<p>Sono organismi di natura associativa promossi dalle organizzazioni di rappresentanza delle Parti Sociali&nbsp;attraverso specifici Accordi Interconfederali stipulati dalle organizzazioni sindacali dei datori di lavoro e dei&nbsp;lavoratori maggiormente rappresentative sul piano nazionale Sono stati istituiti dalla Legge 388\/2000 e&nbsp;riconosciuti dal Ministero del Lavoro e delle Politiche Sociali ed hanno lo scopo di finanziare la formazione&nbsp;continua dei lavoratori.<\/p>\n\n\n\n<p><strong>&nbsp;Fondi strutturali<\/strong><\/p>\n\n\n\n<p>Sono fondi co-finanziati dall\u2019Unione Europea e dai Paesi che la compongono. Intervengono attraverso&nbsp;programmi specifici finalizzati alla formazione professionale continua, alla realizzazione di pari opportunit\u00e0,&nbsp;all\u2019innovazione nella formazione, all\u2019inclusione sociale etc.<\/p>\n\n\n\n<p>Lo staff di consulenti <strong>Alfa Forma<\/strong> mette a disposizione del cliente una serie di servizi utili, quali analisi di&nbsp;fattibilit\u00e0 del progetto formativo, predisposizione della domanda di contributo, assistenza alla gestione delle&nbsp;attivit\u00e0 una volta ottenuto il finanziamento per supportare l\u2019azienda nella scelta della modalit\u00e0 di collaborazione&nbsp;pi\u00f9 consona alle sue esigenze aiutandola cos\u00ec a districarsi nel complesso labirinto del finanziato.<\/p>\n","protected":false},"excerpt":{"rendered":"<p>Alfa Forma mette a disposizione di aziende, professionisti ed enti pubblici, personale qualificato in grado di\u00a0fornire consulenza gratuita per il finanziamento della formazione.I finanziamenti per la formazione possono essere reperiti tramite Fondi interprofessionali Fondi strutturali (provinciali, regionali, Fondo Sociale Europeo, etc.) Fondi interprofessionali Sono organismi di natura associativa promossi dalle organizzazioni di rappresentanza delle Parti [&hellip;]<\/p>\n","protected":false},"author":1,"featured_media":0,"parent":2278,"menu_order":0,"comment_status":"open","ping_status":"closed","template":"","meta":{"footnotes":""},"class_list":["post-2392","page","type-page","status-publish","hentry"],"_links":{"self":[{"href":"https:\/\/lab.alfaforma.it\/index.php\/wp-json\/wp\/v2\/pages\/2392","targetHints":{"allow":["GET"]}}],"collection":[{"href":"https:\/\/lab.alfaforma.it\/index.php\/wp-json\/wp\/v2\/pages"}],"about":[{"href":"https:\/\/lab.alfaforma.it\/index.php\/wp-json\/wp\/v2\/types\/page"}],"author":[{"embeddable":true,"href":"https:\/\/lab.alfaforma.it\/index.php\/wp-json\/wp\/v2\/users\/1"}],"replies":[{"embeddable":true,"href":"https:\/\/lab.alfaforma.it\/index.php\/wp-json\/wp\/v2\/comments?post=2392"}],"version-history":[{"count":0,"href":"https:\/\/lab.alfaforma.it\/index.php\/wp-json\/wp\/v2\/pages\/2392\/revisions"}],"up":[{"embeddable":true,"href":"https:\/\/lab.alfaforma.it\/index.php\/wp-json\/wp\/v2\/pages\/2278"}],"wp:attachment":[{"href":"https:\/\/lab.alfaforma.it\/index.php\/wp-json\/wp\/v2\/media?parent=2392"}],"curies":[{"name":"wp","href":"https:\/\/api.w.org\/{rel}","templated":true}]}}