{"id":244,"date":"2019-12-13T18:41:16","date_gmt":"2019-12-13T18:41:16","guid":{"rendered":"https:\/\/labziino.alfaforma.it\/?page_id=244"},"modified":"2019-12-13T18:41:16","modified_gmt":"2019-12-13T18:41:16","slug":"contatti","status":"publish","type":"page","link":"https:\/\/lab.alfaforma.it\/index.php\/contatti\/","title":{"rendered":"Contatti"},"content":{"rendered":"\n<p>Il Servizio Clienti&nbsp;<strong>Alfa Forma<\/strong>&nbsp;ti aiuta a scegliere la soluzione pi\u00f9 adatta alle tue esigenze<\/p>\n\n\n\n<ul class=\"wp-block-list\"><li><em>scelta del corso di formazione o creazione di un percorso formativo ad hoc<\/em><\/li><li><em>ottimizzazione della pianificazione relativa alla formazione<\/em><\/li><\/ul>\n\n\n\n<p>Il Servizio Clienti&nbsp;<strong>Alfa Forma&nbsp;<\/strong>\u00e8 attivo&nbsp;<strong>dal luned\u00ec al venerd\u00ec<\/strong>&nbsp;negli orari<strong>&nbsp;9.00-13.00<\/strong>&nbsp;e&nbsp;<strong>15.00-19.00<br \/><\/strong>tel 0818713780 \u2013 &nbsp;fax 08119327766 &#8211;&nbsp;email:&nbsp;<a href=\"mailto:info@alfaforma.it\">info@alfaforma.it<\/a><\/p>\n\n\n\n<iframe src=\"https:\/\/www.google.com\/maps\/embed?pb=!1m18!1m12!1m3!1d3024.967170138676!2d14.481532915404498!3d40.69672067933353!2m3!1f0!2f0!3f0!3m2!1i1024!2i768!4f13.1!3m3!1m2!1s0x133bbd4f7f5c32b7%3A0x161ecffea2636743!2sVia%20Principe%20Amedeo%2C%206%2C%2080053%20Castellammare%20di%20Stabia%20NA!5e0!3m2!1sit!2sit!4v1664202455801!5m2!1sit!2sit\" width=\"600\" height=\"450\" style=\"border:0;\" allowfullscreen=\"\" loading=\"lazy\" referrerpolicy=\"no-referrer-when-downgrade\"><\/iframe>\n\n\n\n<p><\/p>\n\n\n\n<p><strong>ALFA FORMA S.r.l.<\/strong> ha sede in Via Principe Amedeo, 6 80053 &#8211; Castellammare di Stabia (NA)<br \/>Tel.: 0818713780 &#8211; Fax: 08119327766 &#8211; email:\u00a0<a href=\"mailto:info@alfaforma.it\">info@alfaforma.it<\/a><\/p>\n","protected":false},"excerpt":{"rendered":"<p>Il Servizio Clienti&nbsp;Alfa Forma&nbsp;ti aiuta a scegliere la soluzione pi\u00f9 adatta alle tue esigenze scelta del corso di formazione o creazione di un percorso formativo ad hoc ottimizzazione della pianificazione relativa alla formazione Il Servizio Clienti&nbsp;Alfa Forma&nbsp;\u00e8 attivo&nbsp;dal luned\u00ec al venerd\u00ec&nbsp;negli orari&nbsp;9.00-13.00&nbsp;e&nbsp;15.00-19.00tel 0818713780 \u2013 &nbsp;fax 08119327766 &#8211;&nbsp;email:&nbsp;info@alfaforma.it ALFA FORMA S.r.l. ha sede in Via Principe [&hellip;]<\/p>\n","protected":false},"author":1,"featured_media":0,"parent":0,"menu_order":0,"comment_status":"closed","ping_status":"closed","template":"templates\/template-page-full-width.php","meta":{"footnotes":""},"class_list":["post-244","page","type-page","status-publish","hentry"],"_links":{"self":[{"href":"https:\/\/lab.alfaforma.it\/index.php\/wp-json\/wp\/v2\/pages\/244","targetHints":{"allow":["GET"]}}],"collection":[{"href":"https:\/\/lab.alfaforma.it\/index.php\/wp-json\/wp\/v2\/pages"}],"about":[{"href":"https:\/\/lab.alfaforma.it\/index.php\/wp-json\/wp\/v2\/types\/page"}],"author":[{"embeddable":true,"href":"https:\/\/lab.alfaforma.it\/index.php\/wp-json\/wp\/v2\/users\/1"}],"replies":[{"embeddable":true,"href":"https:\/\/lab.alfaforma.it\/index.php\/wp-json\/wp\/v2\/comments?post=244"}],"version-history":[{"count":0,"href":"https:\/\/lab.alfaforma.it\/index.php\/wp-json\/wp\/v2\/pages\/244\/revisions"}],"wp:attachment":[{"href":"https:\/\/lab.alfaforma.it\/index.php\/wp-json\/wp\/v2\/media?parent=244"}],"curies":[{"name":"wp","href":"https:\/\/api.w.org\/{rel}","templated":true}]}}