{"id":3310,"date":"2013-05-07T16:47:41","date_gmt":"2013-05-07T14:47:41","guid":{"rendered":"http:\/\/www.alfaforma.it\/alfa\/?page_id=3310"},"modified":"2013-05-07T16:47:41","modified_gmt":"2013-05-07T14:47:41","slug":"pressroom-2","status":"publish","type":"page","link":"https:\/\/lab.alfaforma.it\/index.php\/pressroom-2\/","title":{"rendered":"Pressroom"},"content":{"rendered":"\n<p><em>Reportweb.tv 19 ottobre, 2013<\/em><br \/>La formazione come leva strategica per sopravvivere alla crisi.<\/p>\n\n\n\n<p>Venerd\u00ec 18 ottobre 2013 Alfa Forma \u2013 l\u2019Istituto di Ricerca, Orientamento, Formazione e Lavoro, accreditato dalla Regione Campania \u2013 ha organizzato presso la propria sede di Castellammare di Stabia un convegno sul tema \u201c<i>La formazione come leva strategica per sopravvivere alla crisi&#8221;<\/i>. L\u2019evento \u00e8 stato l\u2019occasione per condividere i risultati del percorso formativo \u201c<i>Addetto alle operazioni di supporto nella gestione domestica e di assistenza nella cura della persona<\/i>\u201d realizzato nell\u2019ambito del progetto regionale &#8220;Welfare to Work\u201d, finanziato con le risorse finanziare del POR FSE 2007-2013.Tale programma ha incentivato interventi formativi di aggiornamento delle competenze professionali di lavoratori sospesi dai processi produttivi, beneficiari di trattamenti di Cassa integrazione straordinaria in deroga, per favorirne il reintegro nelle aziende di provenienza. Al corso \u2013 svoltosi tra dicembre 2012 e maggio 2013 e durato 600 ore, di cui 400 di teoria e 200 di tirocinio pratico \u2013 hanno preso parte 18 lavoratori &nbsp;presi in carico dai Centri per l\u2019Impiego della Provincia di Napoli e beneficiari del trattamento di integrazione salariale straordinario. Sicurezza sul lavoro, legislazione sanitaria e sociale, psicologia e sociologia della relazioni umane, igiene della persona: sono queste alcune delle materie affrontate durante il percorso formativo. Quattro le imprese del settore socio-sanitario che hanno ospitato i corsisti in stage. Durante il convegno sono stati consegnati ai partecipanti gli attestati secondo quanto previsto dalla normativa regionale vigente. L\u2019incontro \u00e8 stato un momento di discussione e di approfondimento su un tema, quello della formazione per cassintegrati, che pu\u00f2 rappresentare un\u2019opportunit\u00e0 ed una sfida per rafforzare la sinergia tra le politiche industriali, occupazionali e formative. Tra i relatori Roberta Gaeta, Assessore al Welfare del Comune di Napoli, Rosa Maria Ramella, consulente Formez esperta di politiche sociali e i rappresentanti delle aziende che hanno accolto in stage i diciotto corsisti.&nbsp;<\/p>\n\n\n\n<hr class=\"wp-block-separator has-alpha-channel-opacity\"\/>\n\n\n\n<p><em>Metropolis 29 aprile, 2011<\/em><br \/>La formazione per assistenti termali.<\/p>\n\n\n\n<p>Margherita Alfano \u00e8 la direttrice di Alfa Forma, istituto di formazione accreditato dalla Regione Campania per un corso di operatore di assistenza termale. \u201cLo staff di Alfa Forma ha effettuato un&#8217;analisi dei Fabbisogni Formativi in Campania dalla quale si evince un andamento crescente dell&#8217;offerta lavorativa per le attivit\u00e0 legate al comparto alberghiero \u2013 termale. Il turismo delle terme e del benessere, negli ultimi anni, nel nostro territorio, \u00e8 sensibilmente cresciuto, pertanto, vista l\u00e0 difficolt\u00e0 che molte strutture termali hanno nel reperimento di risorse umane qualificate nel settore, Alfa Forma ha programmato il corso per operatore di assistenza termale. Il corso &#8211; continua la Alfano &#8211; \u00e8 rivolto a coloro che desiderano acquisire una qualifica professionale idonea per poter svolgere, in via autonoma o in collaborazione con altre figure professionali dell&#8217;area termale, attivit\u00e0 indirizzate a promuovere e conservare la funzionalit\u00e0 e il benessere fisico della persona attraverso l&#8217;uso di tecniche applicative e mezzi di cura naturali termali; assistere e collaborare alla prevenzione, cura e riabilitazione delle affezioni che hanno attinenza con le cure termali. Possono partecipare al corso coloro che hanno assolto all&#8217;obbligo scolastico. Alla fine del percorso formativo si otterr\u00e0 un attestato di qualifica professionale riconosciuto dalla Regione e valido su tutto I il territorio nazionale e nei Paesi membri della Comunit\u00e0 Europea. Il corso dura 600 ore, di cui 90 sono, di stage presso una struttura termale&#8221;. Per le iscrizioni ci si pu\u00f2 rivolgere a Alfa Forma, in via Principe Amedeo, 6 (tel. 0818713780; fax 0813930305 &#8211; email: <a href=\"mailto:info@alfaforma.it\">info@alfaforma.it<\/a>).<\/p>\n\n\n\n<hr class=\"wp-block-separator has-alpha-channel-opacity\"\/>\n\n\n\n<p><em>Roma 30 maggio, 2006<\/em><br \/>Lavoro, al via i corsi Alfa Forma.<\/p>\n\n\n\n<p>Castellammare di Stabia.&nbsp;Riconoscere le esigenze presenti sul territorio, formare i ragazzi e poi indirizzarli al mondo del lavoro. \u00c8 questo l&#8217;obiettivo del nuovo centro di formazione Alfa Forma, che si propone di organizzare e svolgere corsi di specializzazione e perfezionamento di studenti, operatori e lavoratori da immettere nel lavoro e organizzazione di interventi formativi ad hoc in risposta alle esigenze delle istituzioni locali e delle aziende. \u00abSi tratta di una realt\u00e0 importantissima perch\u00e9 arriva all&#8217;occupabilit\u00e0 &#8211; Spiega Maria Falbo assessore provinciale allo Sport e ai giovani &#8211; \u00e8 essenziale frequentare quei corsi che permettano l&#8217;acquisizione di competenze. Bisogna concentrarsi sulla ricerca e sull&#8217;analisi del territorio e poi avere dei periodi di stage di media lunghezza., In questo modo si consente al giovane di essere competente in materia in maniera tale da proporsi lui stesso alle aziende e dovranno essere i ragazzi facendo tesoro dell&#8217;esperienza di stage\u00bb. Alfa Forma svolge attivit\u00e0 di orientamento volte ad offrire ai cittadini tutti una mano per aiutarli a scegliere una direzione professionale da percorrere e al tempo stesso si propone di diventare un polo di ricerca sul mercato regionale e locale sulle esigenze e richieste di nuove professionalit\u00e0 da parte del sistema produttivo e indagini sociologiche sull&#8217;utenza. Il centro si propone di partire dalle esigenze della nostra utenza e dalle risorse attualmente disponibili per poter designare alcuni ambiti di intervento in relazione alle necessit\u00e0 in campo.[\/testimonial]<\/p>\n\n\n\n<hr class=\"wp-block-separator has-alpha-channel-opacity\"\/>\n\n\n\n<p><em>Metropolis, 27 maggio 2006<\/em><\/p>\n\n\n\n<p>Inaugurata la sede cittadina di \u201cAlfa Forma\u201d, l\u2019innovativo istituto di formazione professionale, che si propone essenzialmente di organizzare e svolgere corsi di pre-qualificazione, qualificazione, riqualificazione, specializzazione e perfezionamento di studenti, operatori e lavoratori ad immettere o gi\u00e0 immessi nelle attivit\u00e0 produttive operanti nei diversi settori: agricoltura, artigianato, sanit\u00e0, industria e terziario e alla progettazione e organizzazione di interventi formativi ad hoc in risposta alle esigenze delle istituzioni locali e delle aziende in genere.<br \/>Alfa Forma, inoltre, svolge attivit\u00e0 di orientamento, volte ad offrire ai cittadini tutti una mano per aiutarli a scegliere una direzione professionale da percorrere.<br \/>Il nuovo istituto si propone di diventare un polo di ricerca sul mercato regionale e locale sulle esigenze e richieste di nuove professionalit\u00e0 da parte del sistema produttivo e indagini sociologiche sull\u2019utenza.<br \/>Oltre alla sede stabile, Alfa Forma ha aperto una sede anche in provincia di Salerno per poter esaminare un territorio pi\u00f9 vasto e rispondere pi\u00f9 da vicino alle esigenze di una utenza maggiore.<br \/>La struttura cittadina, in Via Principe Amedeo, presenta ampi locali opportunamente ristrutturati; la stessa si trova al centro della citt\u00e0 e quindi facilmente raggiungibile dai mezzi pubblici, la scelta non \u00e8 casuale, ma dettata dalla necessit\u00e0 di permettere a tutti coloro che vogliono servirsi dei servizi della scuola di poterla raggiungere con semplicit\u00e0.&nbsp;<\/p>\n","protected":false},"excerpt":{"rendered":"<p>Reportweb.tv 19 ottobre, 2013La formazione come leva strategica per sopravvivere alla crisi. Venerd\u00ec 18 ottobre 2013 Alfa Forma \u2013 l\u2019Istituto di Ricerca, Orientamento, Formazione e Lavoro, accreditato dalla Regione Campania \u2013 ha organizzato presso la propria sede di Castellammare di Stabia un convegno sul tema \u201cLa formazione come leva strategica per sopravvivere alla crisi&#8221;. L\u2019evento [&hellip;]<\/p>\n","protected":false},"author":1,"featured_media":0,"parent":0,"menu_order":0,"comment_status":"open","ping_status":"closed","template":"templates\/template-page-full-width.php","meta":{"footnotes":""},"class_list":["post-3310","page","type-page","status-publish","hentry"],"_links":{"self":[{"href":"https:\/\/lab.alfaforma.it\/index.php\/wp-json\/wp\/v2\/pages\/3310","targetHints":{"allow":["GET"]}}],"collection":[{"href":"https:\/\/lab.alfaforma.it\/index.php\/wp-json\/wp\/v2\/pages"}],"about":[{"href":"https:\/\/lab.alfaforma.it\/index.php\/wp-json\/wp\/v2\/types\/page"}],"author":[{"embeddable":true,"href":"https:\/\/lab.alfaforma.it\/index.php\/wp-json\/wp\/v2\/users\/1"}],"replies":[{"embeddable":true,"href":"https:\/\/lab.alfaforma.it\/index.php\/wp-json\/wp\/v2\/comments?post=3310"}],"version-history":[{"count":0,"href":"https:\/\/lab.alfaforma.it\/index.php\/wp-json\/wp\/v2\/pages\/3310\/revisions"}],"wp:attachment":[{"href":"https:\/\/lab.alfaforma.it\/index.php\/wp-json\/wp\/v2\/media?parent=3310"}],"curies":[{"name":"wp","href":"https:\/\/api.w.org\/{rel}","templated":true}]}}