{"id":7969,"date":"2022-10-21T14:41:23","date_gmt":"2022-10-21T14:41:23","guid":{"rendered":"https:\/\/alfaforma.it\/?page_id=7969"},"modified":"2022-10-21T14:41:23","modified_gmt":"2022-10-21T14:41:23","slug":"agenzia-per-il-lavoro","status":"publish","type":"page","link":"https:\/\/lab.alfaforma.it\/index.php\/agenzia-per-il-lavoro\/","title":{"rendered":"Agenzia per il Lavoro"},"content":{"rendered":"\n<p>ALFA FORMA \u00e8 un istituto di Formazione Professionale nato dall\u2019esperienza quindicinale del suo staff nei settori dell\u2019orientamento, dell\u2019istruzione, della formazione e consulenza.<\/p>\n\n\n\n<p>L\u2019istituto Alfa Forma srl \u00e8 accreditato:<\/p>\n\n\n\n<ul class=\"wp-block-list\"><li>dalla Regione Campania sia per la formazione autofinanziata che finanziata per i seguenti ambiti: orientamento, formazione iniziale, formazione superiore, formazione continua e formazione per gli adulti; ai sensi D.G.R.n. 242 del 22\/07\/2013<\/li><li>dalla Regione Campania per le Utenze Speciali;<\/li><li>dalla Regione Campania settore Sanit\u00e0 per la formazione degli OSS, degli alimentaristi e per i BLSD;&nbsp;<\/li><li>dal Ministero del Lavoro e delle Politiche Sociali sez IV e V<\/li><li>dal Ministero degli Interni;<\/li><li>dal Ministero delle Infrastrutture e dei Trasporti<\/li><li>presso i Fondi Interprofessionali per la formazione continua.<\/li><\/ul>\n\n\n\n<p><strong>Alfa Forma \u00e8 dotata di un Sistema di Gestione della Qualit\u00e0 Certificato<\/strong> (<a href=\"https:\/\/lab.alfaforma.it\/wp-content\/uploads\/2022\/10\/certificato_qualita-1.pdf\">cliccare qui per visualizzare il certificato<\/a>)<\/p>\n\n\n\n<p><strong>Alfa Forma adotta un Codice Etico<\/strong> (<a href=\"https:\/\/lab.alfaforma.it\/wp-content\/uploads\/2022\/10\/Codice_Etico-1.pdf\">cliccare qui per visualizzare il Codice Etico<\/a>)<\/p>\n\n\n\n<p>L\u2019istituto Alfa Forma \u00e8 capofila del Polo Tecnico Professionale \u201cInnovare Apprendere Lavorare\u201d&nbsp; che opera nel comparto delle tecnologie ICT.<\/p>\n\n\n\n<p>La sede \u00e8 in Castellammare di Stabia (NA) alla via Principe Amedeo n\u00b0 6,&nbsp; e dispone di una moderna struttura conforme alla vigente normativa in materia di sicurezza e superamento delle barriere architettoniche composta da: due ampie aule teoriche, un attrezzato laboratorio informatico con 21 postazioni PC, quattro uffici di supporto.<\/p>\n\n\n\n<p>La struttura \u00e8 dotata di una organizzazione tecnico-professionale idonea allo svolgimento dell\u2019attivit\u00e0 inerenti ricerca e selezione del personale, ricollocazione professionale e la realizzazione di percorsi formativi, nonch\u00e9 la conformit\u00e0 alla normativa in materia di sicurezza ed igiene nei luoghi di lavoro.<\/p>\n\n\n\n<p>La finalit\u00e0 di Alfa Forma &nbsp;\u00e8&nbsp; promuovere l\u2019occupazione, &nbsp;favorire le opportunit\u00e0 di crescita professionale, soddisfare i clienti e valorizzare le professionalit\u00e0 delle persone che si affidano&nbsp; al suo staff.<\/p>\n\n\n\n<p><strong>Tutto ci\u00f2 ponendo al centro la persona e&nbsp; ascoltando attentamente sia le esigenze degli imprenditori, sia la necessit\u00e0 di coloro che cercano lavoro.<\/strong><\/p>\n\n\n\n<p>Per far ci\u00f2 si propone di operare attraverso un &nbsp;codice etico che &nbsp;esprima gli impegni e le responsabilit\u00e0 etiche dell\u2019azienda, assunti dai dirigenti e dai dipendenti.<\/p>\n\n\n\n<p>Il codice etico equivale ad assunzione di responsabilit\u00e0&nbsp; ed \u00e8 uno strumento che permette all\u2019azienda di acquisire legittimazione sociale, definendo la sua identit\u00e0.<\/p>\n\n\n\n<p>L\u2019azienda conduce le proprie attivit\u00e0 ispirandosi ai principi di correttezza, trasparenza, legalit\u00e0 e chiarezza.<\/p>\n\n\n\n<p>Tutte le attivit\u00e0 aziendali devono essere svolte con la massima scrupolosit\u00e0, onest\u00e0, lealt\u00e0 e impegno professionale, nell\u2019osservanza delle leggi, delle procedure, dei regolamenti aziendali e nel rispetto del Codice Etico.<\/p>\n\n\n\n<p>Crediamo nell&#8217;importanza della persona e delle Risorse Umane per lo sviluppo delle aziende e del territorio in cui operano, per cui valori alla base del nostro operare sono:<\/p>\n\n\n\n<ul class=\"wp-block-list\"><li>Trasparenza,<\/li><li>Seriet\u00e0,<\/li><li>Impegno,<\/li><li>Senso di responsabilit\u00e0.<\/li><\/ul>\n\n\n\n<p><br \/>L\u2019organizzazione tecnico-professionale si basa su professionisti con esperienza pluriennale nel settore , che opereranno basandosi su un approccio omogeneo&nbsp; che combina pi\u00f9 metodi di ricerca e selezione del personale: banca dati informatica, annunci stampa, approccio diretto e web.<\/p>\n\n\n\n<p>Le aree di intervento nell\u2019ambito dei servizi al lavoro in cui l\u2019ente &nbsp;opera &nbsp;sono:<\/p>\n\n\n\n<ul class=\"wp-block-list\"><li><strong>La Ricerca &amp; Selezione del personale<\/strong>, attraverso l\u2019attivit\u00e0 dei professionisti interni che si adopereranno nel ricercare e selezionare personale qualificato, attraverso diverse attivit\u00e0: analisi del contesto organizzativo dell&#8217;organizzazione committente, individuazione e definizione delle esigenze della stessa, definizione del profilo di competenze e di capacit\u00e0 della candidatura ideale, pianificazione e realizzazione del programma di ricerca delle candidature attraverso una pluralit\u00e0 di canali di reclutamento,&nbsp; valutazione delle candidature individuate attraverso appropriati strumenti selettivi, formazione della rosa di candidature maggiormente idonee, progettazione ed erogazione di attivit\u00e0 formative finalizzate all&#8217;inserimento lavorativo,assistenza nella fase di inserimento dei candidati, verifica e valutazione dell&#8217;inserimento e del potenziale dei candidati.<\/li><\/ul>\n\n\n\n<p>Il lavoro sar\u00e0 svolto per rispondere &nbsp;alle esigenze delle aziende interessate e &nbsp;garantire la qualit\u00e0 del personale e pertanto la qualit\u00e0 della azienda stessa,e per offrire soluzioni adeguate al raggiungimento dell&#8217;obiettivo.<\/p>\n\n\n\n<ul class=\"wp-block-list\"><li><strong>Ricollocazione professionale<\/strong>, attraverso una attivit\u00e0&nbsp; finalizzata alla ricollocazione nel mercato del lavoro di prestatori di lavoro, singolarmente o collettivamente considerati, attraverso la preparazione, la formazione finalizzata all&#8217;inserimento lavorativo, l&#8217;accompagnamento della persona e l&#8217;affiancamento della stessa nell&#8217;inserimento nella nuova attivit\u00e0;<br \/>il supporto alla ricollocazione professionale, o outplacement, \u00e8 lo strumento a disposizione delle aziende per gestire in modo etico e consensuale la chiusura dei rapporti di lavoro e per accompagnare le persone in uscita nella ricerca e nella concretizzazione di nuove opportunit\u00e0 di lavoro.<\/li><\/ul>\n","protected":false},"excerpt":{"rendered":"<p>ALFA FORMA \u00e8 un istituto di Formazione Professionale nato dall\u2019esperienza quindicinale del suo staff nei settori dell\u2019orientamento, dell\u2019istruzione, della formazione e consulenza. L\u2019istituto Alfa Forma srl \u00e8 accreditato: dalla Regione Campania sia per la formazione autofinanziata che finanziata per i seguenti ambiti: orientamento, formazione iniziale, formazione superiore, formazione continua e formazione per gli adulti; ai [&hellip;]<\/p>\n","protected":false},"author":1,"featured_media":0,"parent":0,"menu_order":0,"comment_status":"closed","ping_status":"closed","template":"templates\/template-page-full-width.php","meta":{"footnotes":""},"class_list":["post-7969","page","type-page","status-publish","hentry"],"_links":{"self":[{"href":"https:\/\/lab.alfaforma.it\/index.php\/wp-json\/wp\/v2\/pages\/7969","targetHints":{"allow":["GET"]}}],"collection":[{"href":"https:\/\/lab.alfaforma.it\/index.php\/wp-json\/wp\/v2\/pages"}],"about":[{"href":"https:\/\/lab.alfaforma.it\/index.php\/wp-json\/wp\/v2\/types\/page"}],"author":[{"embeddable":true,"href":"https:\/\/lab.alfaforma.it\/index.php\/wp-json\/wp\/v2\/users\/1"}],"replies":[{"embeddable":true,"href":"https:\/\/lab.alfaforma.it\/index.php\/wp-json\/wp\/v2\/comments?post=7969"}],"version-history":[{"count":0,"href":"https:\/\/lab.alfaforma.it\/index.php\/wp-json\/wp\/v2\/pages\/7969\/revisions"}],"wp:attachment":[{"href":"https:\/\/lab.alfaforma.it\/index.php\/wp-json\/wp\/v2\/media?parent=7969"}],"curies":[{"name":"wp","href":"https:\/\/api.w.org\/{rel}","templated":true}]}}